{"id":397,"date":"2024-07-04T17:56:31","date_gmt":"2024-07-04T23:56:31","guid":{"rendered":"https:\/\/bruhl.mx\/producto\/plato-base-de-plastico-5\/"},"modified":"2025-02-04T13:41:20","modified_gmt":"2025-02-04T19:41:20","slug":"plato-base-de-plastico-5","status":"publish","type":"product","link":"https:\/\/bruhl.mx\/en\/product\/plato-base-de-plastico-5\/","title":{"rendered":"PLATO BASE DE PLASTICO"},"content":{"rendered":"<p>Plato base de pl\u00e1stico metalizado, altamente resistente a ca\u00eddas, desgaste y uso continuo. Con elegante textura que imita suaves olas dispuestas en espiral desde el centro hacia el borde, aportando un dise\u00f1o sofisticado. Ideal para eventos formales, ofrece una combinaci\u00f3n \u00fanica de elegancia y resistencia.<\/p>","protected":false},"excerpt":{"rendered":"<p>Plato base de pl\u00e1stico metalizado, altamente resistente a ca\u00eddas, desgaste y uso continuo. Con elegante textura que imita suaves olas dispuestas en espiral desde el centro hacia el borde, aportando un dise\u00f1o sofisticado. Ideal para eventos formales, ofrece una combinaci\u00f3n \u00fanica de elegancia y resistencia.<\/p>","protected":false},"featured_media":1115,"comment_status":"open","ping_status":"closed","template":"","meta":{"_acf_changed":false,"_joinchat":[]},"product_brand":[],"product_cat":[48],"product_tag":[71],"class_list":{"0":"post-397","1":"product","2":"type-product","3":"status-publish","4":"has-post-thumbnail","6":"product_cat-plato-base","7":"product_tag-siena","9":"first","10":"instock","11":"shipping-taxable","12":"product-type-simple"},"composite_virtual":false,"composite_layout":"","composite_add_to_cart_form_location":"","composite_editable_in_cart":false,"composite_sold_individually_context":"","composite_shop_price_calc":"","composite_components":[],"composite_scenarios":[],"acf":{"video_360":"","nombre_corto_de_producto":"","variaciones_pdf":1188,"carrusel_1":[1187],"carrusel_2":[1186],"carrusel_3":[1188],"carrusel_4":[1189],"imagen_pdf":[1187],"carrusel_5_mas_imagenes":[1189,1188,1187,1186]},"yoast_head":"<!-- This site is optimized with the Yoast SEO plugin v27.5 - https:\/\/yoast.com\/product\/yoast-seo-wordpress\/ -->\n<title>PLATO BASE DE PLASTICO - Bruhl<\/title>\n<meta name=\"robots\" content=\"index, follow, max-snippet:-1, max-image-preview:large, max-video-preview:-1\" \/>\n<link rel=\"canonical\" href=\"https:\/\/bruhl.mx\/en\/product\/plato-base-de-plastico-5\/\" \/>\n<meta property=\"og:locale\" content=\"en_US\" \/>\n<meta property=\"og:type\" content=\"article\" \/>\n<meta property=\"og:title\" content=\"PLATO BASE DE PLASTICO - Bruhl\" \/>\n<meta property=\"og:description\" content=\"Plato base de pl\u00e1stico metalizado, altamente resistente a ca\u00eddas, desgaste y uso continuo. Con elegante textura que imita suaves olas dispuestas en espiral desde el centro hacia el borde, aportando un dise\u00f1o sofisticado. Ideal para eventos formales, ofrece una combinaci\u00f3n \u00fanica de elegancia y resistencia.\" \/>\n<meta property=\"og:url\" content=\"https:\/\/bruhl.mx\/en\/product\/plato-base-de-plastico-5\/\" \/>\n<meta property=\"og:site_name\" content=\"Bruhl\" \/>\n<meta property=\"article:modified_time\" content=\"2025-02-04T19:41:20+00:00\" \/>\n<meta property=\"og:image\" content=\"https:\/\/bruhl.mx\/wp-content\/uploads\/2025\/01\/Plato-Base-de-Plastico-Siena-Dorado-Frente.jpg\" \/>\n\t<meta property=\"og:image:width\" content=\"1000\" \/>\n\t<meta property=\"og:image:height\" content=\"1000\" \/>\n\t<meta property=\"og:image:type\" content=\"image\/jpeg\" \/>\n<meta name=\"twitter:card\" content=\"summary_large_image\" \/>\n<script type=\"application\/ld+json\" class=\"yoast-schema-graph\">{\"@context\":\"https:\\\/\\\/schema.org\",\"@graph\":[{\"@type\":\"WebPage\",\"@id\":\"https:\\\/\\\/bruhl.mx\\\/producto\\\/plato-base-de-plastico-5\\\/\",\"url\":\"https:\\\/\\\/bruhl.mx\\\/producto\\\/plato-base-de-plastico-5\\\/\",\"name\":\"PLATO BASE DE PLASTICO - Bruhl\",\"isPartOf\":{\"@id\":\"https:\\\/\\\/bruhl.mx\\\/#website\"},\"primaryImageOfPage\":{\"@id\":\"https:\\\/\\\/bruhl.mx\\\/producto\\\/plato-base-de-plastico-5\\\/#primaryimage\"},\"image\":{\"@id\":\"https:\\\/\\\/bruhl.mx\\\/producto\\\/plato-base-de-plastico-5\\\/#primaryimage\"},\"thumbnailUrl\":\"https:\\\/\\\/bruhl.mx\\\/wp-content\\\/uploads\\\/2025\\\/01\\\/Plato-Base-de-Plastico-Siena-Dorado-Frente.jpg\",\"datePublished\":\"2024-07-04T23:56:31+00:00\",\"dateModified\":\"2025-02-04T19:41:20+00:00\",\"breadcrumb\":{\"@id\":\"https:\\\/\\\/bruhl.mx\\\/producto\\\/plato-base-de-plastico-5\\\/#breadcrumb\"},\"inLanguage\":\"en-US\",\"potentialAction\":[{\"@type\":\"ReadAction\",\"target\":[\"https:\\\/\\\/bruhl.mx\\\/producto\\\/plato-base-de-plastico-5\\\/\"]}]},{\"@type\":\"ImageObject\",\"inLanguage\":\"en-US\",\"@id\":\"https:\\\/\\\/bruhl.mx\\\/producto\\\/plato-base-de-plastico-5\\\/#primaryimage\",\"url\":\"https:\\\/\\\/bruhl.mx\\\/wp-content\\\/uploads\\\/2025\\\/01\\\/Plato-Base-de-Plastico-Siena-Dorado-Frente.jpg\",\"contentUrl\":\"https:\\\/\\\/bruhl.mx\\\/wp-content\\\/uploads\\\/2025\\\/01\\\/Plato-Base-de-Plastico-Siena-Dorado-Frente.jpg\",\"width\":1000,\"height\":1000},{\"@type\":\"BreadcrumbList\",\"@id\":\"https:\\\/\\\/bruhl.mx\\\/producto\\\/plato-base-de-plastico-5\\\/#breadcrumb\",\"itemListElement\":[{\"@type\":\"ListItem\",\"position\":1,\"name\":\"Home\",\"item\":\"https:\\\/\\\/bruhl.mx\\\/\"},{\"@type\":\"ListItem\",\"position\":2,\"name\":\"Tienda\",\"item\":\"https:\\\/\\\/bruhl.mx\\\/en\\\/tienda\\\/\"},{\"@type\":\"ListItem\",\"position\":3,\"name\":\"PLATO BASE DE PLASTICO\"}]},{\"@type\":\"WebSite\",\"@id\":\"https:\\\/\\\/bruhl.mx\\\/#website\",\"url\":\"https:\\\/\\\/bruhl.mx\\\/\",\"name\":\"Bruhl\",\"description\":\"\",\"potentialAction\":[{\"@type\":\"SearchAction\",\"target\":{\"@type\":\"EntryPoint\",\"urlTemplate\":\"https:\\\/\\\/bruhl.mx\\\/?s={search_term_string}\"},\"query-input\":{\"@type\":\"PropertyValueSpecification\",\"valueRequired\":true,\"valueName\":\"search_term_string\"}}],\"inLanguage\":\"en-US\"}]}<\/script>\n<!-- \/ Yoast SEO plugin. -->","yoast_head_json":{"title":"PLATO BASE DE PLASTICO - Bruhl","robots":{"index":"index","follow":"follow","max-snippet":"max-snippet:-1","max-image-preview":"max-image-preview:large","max-video-preview":"max-video-preview:-1"},"canonical":"https:\/\/bruhl.mx\/en\/product\/plato-base-de-plastico-5\/","og_locale":"en_US","og_type":"article","og_title":"PLATO BASE DE PLASTICO - Bruhl","og_description":"Plato base de pl\u00e1stico metalizado, altamente resistente a ca\u00eddas, desgaste y uso continuo. Con elegante textura que imita suaves olas dispuestas en espiral desde el centro hacia el borde, aportando un dise\u00f1o sofisticado. Ideal para eventos formales, ofrece una combinaci\u00f3n \u00fanica de elegancia y resistencia.","og_url":"https:\/\/bruhl.mx\/en\/product\/plato-base-de-plastico-5\/","og_site_name":"Bruhl","article_modified_time":"2025-02-04T19:41:20+00:00","og_image":[{"width":1000,"height":1000,"url":"https:\/\/bruhl.mx\/wp-content\/uploads\/2025\/01\/Plato-Base-de-Plastico-Siena-Dorado-Frente.jpg","type":"image\/jpeg"}],"twitter_card":"summary_large_image","schema":{"@context":"https:\/\/schema.org","@graph":[{"@type":"WebPage","@id":"https:\/\/bruhl.mx\/producto\/plato-base-de-plastico-5\/","url":"https:\/\/bruhl.mx\/producto\/plato-base-de-plastico-5\/","name":"PLATO BASE DE PLASTICO - Bruhl","isPartOf":{"@id":"https:\/\/bruhl.mx\/#website"},"primaryImageOfPage":{"@id":"https:\/\/bruhl.mx\/producto\/plato-base-de-plastico-5\/#primaryimage"},"image":{"@id":"https:\/\/bruhl.mx\/producto\/plato-base-de-plastico-5\/#primaryimage"},"thumbnailUrl":"https:\/\/bruhl.mx\/wp-content\/uploads\/2025\/01\/Plato-Base-de-Plastico-Siena-Dorado-Frente.jpg","datePublished":"2024-07-04T23:56:31+00:00","dateModified":"2025-02-04T19:41:20+00:00","breadcrumb":{"@id":"https:\/\/bruhl.mx\/producto\/plato-base-de-plastico-5\/#breadcrumb"},"inLanguage":"en-US","potentialAction":[{"@type":"ReadAction","target":["https:\/\/bruhl.mx\/producto\/plato-base-de-plastico-5\/"]}]},{"@type":"ImageObject","inLanguage":"en-US","@id":"https:\/\/bruhl.mx\/producto\/plato-base-de-plastico-5\/#primaryimage","url":"https:\/\/bruhl.mx\/wp-content\/uploads\/2025\/01\/Plato-Base-de-Plastico-Siena-Dorado-Frente.jpg","contentUrl":"https:\/\/bruhl.mx\/wp-content\/uploads\/2025\/01\/Plato-Base-de-Plastico-Siena-Dorado-Frente.jpg","width":1000,"height":1000},{"@type":"BreadcrumbList","@id":"https:\/\/bruhl.mx\/producto\/plato-base-de-plastico-5\/#breadcrumb","itemListElement":[{"@type":"ListItem","position":1,"name":"Home","item":"https:\/\/bruhl.mx\/"},{"@type":"ListItem","position":2,"name":"Tienda","item":"https:\/\/bruhl.mx\/en\/tienda\/"},{"@type":"ListItem","position":3,"name":"PLATO BASE DE PLASTICO"}]},{"@type":"WebSite","@id":"https:\/\/bruhl.mx\/#website","url":"https:\/\/bruhl.mx\/","name":"Bruhl","description":"","potentialAction":[{"@type":"SearchAction","target":{"@type":"EntryPoint","urlTemplate":"https:\/\/bruhl.mx\/?s={search_term_string}"},"query-input":{"@type":"PropertyValueSpecification","valueRequired":true,"valueName":"search_term_string"}}],"inLanguage":"en-US"}]}},"_links":{"self":[{"href":"https:\/\/bruhl.mx\/en\/wp-json\/wp\/v2\/product\/397","targetHints":{"allow":["GET"]}}],"collection":[{"href":"https:\/\/bruhl.mx\/en\/wp-json\/wp\/v2\/product"}],"about":[{"href":"https:\/\/bruhl.mx\/en\/wp-json\/wp\/v2\/types\/product"}],"replies":[{"embeddable":true,"href":"https:\/\/bruhl.mx\/en\/wp-json\/wp\/v2\/comments?post=397"}],"acf:attachment":[{"embeddable":true,"href":"https:\/\/bruhl.mx\/en\/wp-json\/wp\/v2\/media\/1189"},{"embeddable":true,"href":"https:\/\/bruhl.mx\/en\/wp-json\/wp\/v2\/media\/1188"},{"embeddable":true,"href":"https:\/\/bruhl.mx\/en\/wp-json\/wp\/v2\/media\/1186"},{"embeddable":true,"href":"https:\/\/bruhl.mx\/en\/wp-json\/wp\/v2\/media\/1187"}],"wp:featuredmedia":[{"embeddable":true,"href":"https:\/\/bruhl.mx\/en\/wp-json\/wp\/v2\/media\/1115"}],"wp:attachment":[{"href":"https:\/\/bruhl.mx\/en\/wp-json\/wp\/v2\/media?parent=397"}],"wp:term":[{"taxonomy":"product_brand","embeddable":true,"href":"https:\/\/bruhl.mx\/en\/wp-json\/wp\/v2\/product_brand?post=397"},{"taxonomy":"product_cat","embeddable":true,"href":"https:\/\/bruhl.mx\/en\/wp-json\/wp\/v2\/product_cat?post=397"},{"taxonomy":"product_tag","embeddable":true,"href":"https:\/\/bruhl.mx\/en\/wp-json\/wp\/v2\/product_tag?post=397"}],"curies":[{"name":"wp","href":"https:\/\/api.w.org\/{rel}","templated":true}]}}