{"id":414,"date":"2024-07-04T17:56:33","date_gmt":"2024-07-04T23:56:33","guid":{"rendered":"https:\/\/bruhl.mx\/producto\/copa-de-vino-de-vidrio-soplado-2\/"},"modified":"2025-02-05T10:30:58","modified_gmt":"2025-02-05T16:30:58","slug":"copa-de-vino-de-vidrio-soplado-2","status":"publish","type":"product","link":"https:\/\/bruhl.mx\/en\/product\/copa-de-vino-de-vidrio-soplado-2\/","title":{"rendered":"COPA DE VINO DE VIDRIO SOPLADO"},"content":{"rendered":"<p>Copa de vino de vidrio soplado, creada mediante un proceso artesanal. Su dise\u00f1o combina un tallo resistente con un cuerpo integra un relieve de l\u00edneas verticales, aportando un estilo refinado que realza su elegancia y sofisticaci\u00f3n.<\/p>","protected":false},"excerpt":{"rendered":"<p>Copa de vino de vidrio soplado, creada mediante un proceso artesanal. Su dise\u00f1o combina un tallo resistente con un cuerpo integra un relieve de l\u00edneas verticales, aportando un estilo refinado que realza su elegancia y sofisticaci\u00f3n.<\/p>","protected":false},"featured_media":1324,"comment_status":"open","ping_status":"closed","template":"","meta":{"_acf_changed":false,"_joinchat":[]},"product_brand":[],"product_cat":[51],"product_tag":[80],"class_list":{"0":"post-414","1":"product","2":"type-product","3":"status-publish","4":"has-post-thumbnail","6":"product_cat-copas","7":"product_tag-niza","9":"first","10":"instock","11":"shipping-taxable","12":"product-type-simple"},"composite_virtual":false,"composite_layout":"","composite_add_to_cart_form_location":"","composite_editable_in_cart":false,"composite_sold_individually_context":"","composite_shop_price_calc":"","composite_components":[],"composite_scenarios":[],"acf":{"video_360":"","nombre_corto_de_producto":"","variaciones_pdf":1323,"carrusel_1":[1325],"carrusel_2":[1324],"carrusel_3":[1323],"carrusel_4":[1324],"imagen_pdf":[1325],"carrusel_5_mas_imagenes":[1325,1324,1323]},"yoast_head":"<!-- This site is optimized with the Yoast SEO plugin v27.5 - https:\/\/yoast.com\/product\/yoast-seo-wordpress\/ -->\n<title>COPA DE VINO DE VIDRIO SOPLADO - Bruhl<\/title>\n<meta name=\"robots\" content=\"index, follow, max-snippet:-1, max-image-preview:large, max-video-preview:-1\" \/>\n<link rel=\"canonical\" href=\"https:\/\/bruhl.mx\/en\/product\/copa-de-vino-de-vidrio-soplado-2\/\" \/>\n<meta property=\"og:locale\" content=\"en_US\" \/>\n<meta property=\"og:type\" content=\"article\" \/>\n<meta property=\"og:title\" content=\"COPA DE VINO DE VIDRIO SOPLADO - Bruhl\" \/>\n<meta property=\"og:description\" content=\"Copa de vino de vidrio soplado, creada mediante un proceso artesanal. Su dise\u00f1o combina un tallo resistente con un cuerpo integra un relieve de l\u00edneas verticales, aportando un estilo refinado que realza su elegancia y sofisticaci\u00f3n.\" \/>\n<meta property=\"og:url\" content=\"https:\/\/bruhl.mx\/en\/product\/copa-de-vino-de-vidrio-soplado-2\/\" \/>\n<meta property=\"og:site_name\" content=\"Bruhl\" \/>\n<meta property=\"article:modified_time\" content=\"2025-02-05T16:30:58+00:00\" \/>\n<meta property=\"og:image\" content=\"https:\/\/bruhl.mx\/wp-content\/uploads\/2025\/02\/Copa-de-Vidrio-Soplado-Niza-Frente.jpg\" \/>\n\t<meta property=\"og:image:width\" content=\"1000\" \/>\n\t<meta property=\"og:image:height\" content=\"1000\" \/>\n\t<meta property=\"og:image:type\" content=\"image\/jpeg\" \/>\n<meta name=\"twitter:card\" content=\"summary_large_image\" \/>\n<script type=\"application\/ld+json\" class=\"yoast-schema-graph\">{\"@context\":\"https:\\\/\\\/schema.org\",\"@graph\":[{\"@type\":\"WebPage\",\"@id\":\"https:\\\/\\\/bruhl.mx\\\/producto\\\/copa-de-vino-de-vidrio-soplado-2\\\/\",\"url\":\"https:\\\/\\\/bruhl.mx\\\/producto\\\/copa-de-vino-de-vidrio-soplado-2\\\/\",\"name\":\"COPA DE VINO DE VIDRIO SOPLADO - Bruhl\",\"isPartOf\":{\"@id\":\"https:\\\/\\\/bruhl.mx\\\/#website\"},\"primaryImageOfPage\":{\"@id\":\"https:\\\/\\\/bruhl.mx\\\/producto\\\/copa-de-vino-de-vidrio-soplado-2\\\/#primaryimage\"},\"image\":{\"@id\":\"https:\\\/\\\/bruhl.mx\\\/producto\\\/copa-de-vino-de-vidrio-soplado-2\\\/#primaryimage\"},\"thumbnailUrl\":\"https:\\\/\\\/bruhl.mx\\\/wp-content\\\/uploads\\\/2025\\\/02\\\/Copa-de-Vidrio-Soplado-Niza-Frente.jpg\",\"datePublished\":\"2024-07-04T23:56:33+00:00\",\"dateModified\":\"2025-02-05T16:30:58+00:00\",\"breadcrumb\":{\"@id\":\"https:\\\/\\\/bruhl.mx\\\/producto\\\/copa-de-vino-de-vidrio-soplado-2\\\/#breadcrumb\"},\"inLanguage\":\"en-US\",\"potentialAction\":[{\"@type\":\"ReadAction\",\"target\":[\"https:\\\/\\\/bruhl.mx\\\/producto\\\/copa-de-vino-de-vidrio-soplado-2\\\/\"]}]},{\"@type\":\"ImageObject\",\"inLanguage\":\"en-US\",\"@id\":\"https:\\\/\\\/bruhl.mx\\\/producto\\\/copa-de-vino-de-vidrio-soplado-2\\\/#primaryimage\",\"url\":\"https:\\\/\\\/bruhl.mx\\\/wp-content\\\/uploads\\\/2025\\\/02\\\/Copa-de-Vidrio-Soplado-Niza-Frente.jpg\",\"contentUrl\":\"https:\\\/\\\/bruhl.mx\\\/wp-content\\\/uploads\\\/2025\\\/02\\\/Copa-de-Vidrio-Soplado-Niza-Frente.jpg\",\"width\":1000,\"height\":1000},{\"@type\":\"BreadcrumbList\",\"@id\":\"https:\\\/\\\/bruhl.mx\\\/producto\\\/copa-de-vino-de-vidrio-soplado-2\\\/#breadcrumb\",\"itemListElement\":[{\"@type\":\"ListItem\",\"position\":1,\"name\":\"Home\",\"item\":\"https:\\\/\\\/bruhl.mx\\\/\"},{\"@type\":\"ListItem\",\"position\":2,\"name\":\"Tienda\",\"item\":\"https:\\\/\\\/bruhl.mx\\\/en\\\/tienda\\\/\"},{\"@type\":\"ListItem\",\"position\":3,\"name\":\"COPA DE VINO DE VIDRIO SOPLADO\"}]},{\"@type\":\"WebSite\",\"@id\":\"https:\\\/\\\/bruhl.mx\\\/#website\",\"url\":\"https:\\\/\\\/bruhl.mx\\\/\",\"name\":\"Bruhl\",\"description\":\"\",\"potentialAction\":[{\"@type\":\"SearchAction\",\"target\":{\"@type\":\"EntryPoint\",\"urlTemplate\":\"https:\\\/\\\/bruhl.mx\\\/?s={search_term_string}\"},\"query-input\":{\"@type\":\"PropertyValueSpecification\",\"valueRequired\":true,\"valueName\":\"search_term_string\"}}],\"inLanguage\":\"en-US\"}]}<\/script>\n<!-- \/ Yoast SEO plugin. -->","yoast_head_json":{"title":"COPA DE VINO DE VIDRIO SOPLADO - Bruhl","robots":{"index":"index","follow":"follow","max-snippet":"max-snippet:-1","max-image-preview":"max-image-preview:large","max-video-preview":"max-video-preview:-1"},"canonical":"https:\/\/bruhl.mx\/en\/product\/copa-de-vino-de-vidrio-soplado-2\/","og_locale":"en_US","og_type":"article","og_title":"COPA DE VINO DE VIDRIO SOPLADO - Bruhl","og_description":"Copa de vino de vidrio soplado, creada mediante un proceso artesanal. Su dise\u00f1o combina un tallo resistente con un cuerpo integra un relieve de l\u00edneas verticales, aportando un estilo refinado que realza su elegancia y sofisticaci\u00f3n.","og_url":"https:\/\/bruhl.mx\/en\/product\/copa-de-vino-de-vidrio-soplado-2\/","og_site_name":"Bruhl","article_modified_time":"2025-02-05T16:30:58+00:00","og_image":[{"width":1000,"height":1000,"url":"https:\/\/bruhl.mx\/wp-content\/uploads\/2025\/02\/Copa-de-Vidrio-Soplado-Niza-Frente.jpg","type":"image\/jpeg"}],"twitter_card":"summary_large_image","schema":{"@context":"https:\/\/schema.org","@graph":[{"@type":"WebPage","@id":"https:\/\/bruhl.mx\/producto\/copa-de-vino-de-vidrio-soplado-2\/","url":"https:\/\/bruhl.mx\/producto\/copa-de-vino-de-vidrio-soplado-2\/","name":"COPA DE VINO DE VIDRIO SOPLADO - Bruhl","isPartOf":{"@id":"https:\/\/bruhl.mx\/#website"},"primaryImageOfPage":{"@id":"https:\/\/bruhl.mx\/producto\/copa-de-vino-de-vidrio-soplado-2\/#primaryimage"},"image":{"@id":"https:\/\/bruhl.mx\/producto\/copa-de-vino-de-vidrio-soplado-2\/#primaryimage"},"thumbnailUrl":"https:\/\/bruhl.mx\/wp-content\/uploads\/2025\/02\/Copa-de-Vidrio-Soplado-Niza-Frente.jpg","datePublished":"2024-07-04T23:56:33+00:00","dateModified":"2025-02-05T16:30:58+00:00","breadcrumb":{"@id":"https:\/\/bruhl.mx\/producto\/copa-de-vino-de-vidrio-soplado-2\/#breadcrumb"},"inLanguage":"en-US","potentialAction":[{"@type":"ReadAction","target":["https:\/\/bruhl.mx\/producto\/copa-de-vino-de-vidrio-soplado-2\/"]}]},{"@type":"ImageObject","inLanguage":"en-US","@id":"https:\/\/bruhl.mx\/producto\/copa-de-vino-de-vidrio-soplado-2\/#primaryimage","url":"https:\/\/bruhl.mx\/wp-content\/uploads\/2025\/02\/Copa-de-Vidrio-Soplado-Niza-Frente.jpg","contentUrl":"https:\/\/bruhl.mx\/wp-content\/uploads\/2025\/02\/Copa-de-Vidrio-Soplado-Niza-Frente.jpg","width":1000,"height":1000},{"@type":"BreadcrumbList","@id":"https:\/\/bruhl.mx\/producto\/copa-de-vino-de-vidrio-soplado-2\/#breadcrumb","itemListElement":[{"@type":"ListItem","position":1,"name":"Home","item":"https:\/\/bruhl.mx\/"},{"@type":"ListItem","position":2,"name":"Tienda","item":"https:\/\/bruhl.mx\/en\/tienda\/"},{"@type":"ListItem","position":3,"name":"COPA DE VINO DE VIDRIO SOPLADO"}]},{"@type":"WebSite","@id":"https:\/\/bruhl.mx\/#website","url":"https:\/\/bruhl.mx\/","name":"Bruhl","description":"","potentialAction":[{"@type":"SearchAction","target":{"@type":"EntryPoint","urlTemplate":"https:\/\/bruhl.mx\/?s={search_term_string}"},"query-input":{"@type":"PropertyValueSpecification","valueRequired":true,"valueName":"search_term_string"}}],"inLanguage":"en-US"}]}},"_links":{"self":[{"href":"https:\/\/bruhl.mx\/en\/wp-json\/wp\/v2\/product\/414","targetHints":{"allow":["GET"]}}],"collection":[{"href":"https:\/\/bruhl.mx\/en\/wp-json\/wp\/v2\/product"}],"about":[{"href":"https:\/\/bruhl.mx\/en\/wp-json\/wp\/v2\/types\/product"}],"replies":[{"embeddable":true,"href":"https:\/\/bruhl.mx\/en\/wp-json\/wp\/v2\/comments?post=414"}],"acf:attachment":[{"embeddable":true,"href":"https:\/\/bruhl.mx\/en\/wp-json\/wp\/v2\/media\/1323"},{"embeddable":true,"href":"https:\/\/bruhl.mx\/en\/wp-json\/wp\/v2\/media\/1324"},{"embeddable":true,"href":"https:\/\/bruhl.mx\/en\/wp-json\/wp\/v2\/media\/1325"}],"wp:featuredmedia":[{"embeddable":true,"href":"https:\/\/bruhl.mx\/en\/wp-json\/wp\/v2\/media\/1324"}],"wp:attachment":[{"href":"https:\/\/bruhl.mx\/en\/wp-json\/wp\/v2\/media?parent=414"}],"wp:term":[{"taxonomy":"product_brand","embeddable":true,"href":"https:\/\/bruhl.mx\/en\/wp-json\/wp\/v2\/product_brand?post=414"},{"taxonomy":"product_cat","embeddable":true,"href":"https:\/\/bruhl.mx\/en\/wp-json\/wp\/v2\/product_cat?post=414"},{"taxonomy":"product_tag","embeddable":true,"href":"https:\/\/bruhl.mx\/en\/wp-json\/wp\/v2\/product_tag?post=414"}],"curies":[{"name":"wp","href":"https:\/\/api.w.org\/{rel}","templated":true}]}}