{"id":415,"date":"2024-07-04T17:56:33","date_gmt":"2024-07-04T23:56:33","guid":{"rendered":"https:\/\/bruhl.mx\/producto\/copa-de-vino-de-vidrio-soplado-3\/"},"modified":"2025-02-04T13:41:21","modified_gmt":"2025-02-04T19:41:21","slug":"copa-de-vino-de-vidrio-soplado-3","status":"publish","type":"product","link":"https:\/\/bruhl.mx\/en\/product\/copa-de-vino-de-vidrio-soplado-3\/","title":{"rendered":"COPA DE VINO DE VIDRIO SOPLADO"},"content":{"rendered":"<p>Copa de vino elaborada en vidrio soplado mediante un proceso artesanal. Su dise\u00f1o presenta un tallo resistente y un cuerpo con un delicado relieve de hendiduras r\u00edtmicas que refractan la luz, a\u00f1adiendo un toque de elegancia y distinci\u00f3n a cada brindis.<\/p>","protected":false},"excerpt":{"rendered":"<p>Copa de vino elaborada en vidrio soplado mediante un proceso artesanal. Su dise\u00f1o presenta un tallo resistente y un cuerpo con un delicado relieve de hendiduras r\u00edtmicas que refractan la luz, a\u00f1adiendo un toque de elegancia y distinci\u00f3n a cada brindis.<\/p>","protected":false},"featured_media":1299,"comment_status":"open","ping_status":"closed","template":"","meta":{"_acf_changed":false,"_joinchat":[]},"product_brand":[],"product_cat":[51],"product_tag":[81],"class_list":{"0":"post-415","1":"product","2":"type-product","3":"status-publish","4":"has-post-thumbnail","6":"product_cat-copas","7":"product_tag-louvre","9":"first","10":"instock","11":"shipping-taxable","12":"product-type-simple"},"composite_virtual":false,"composite_layout":"","composite_add_to_cart_form_location":"","composite_editable_in_cart":false,"composite_sold_individually_context":"","composite_shop_price_calc":"","composite_components":[],"composite_scenarios":[],"acf":{"video_360":"","nombre_corto_de_producto":"","variaciones_pdf":1298,"carrusel_1":[1300],"carrusel_2":[1299],"carrusel_3":[1298],"carrusel_4":[1300],"imagen_pdf":[1300],"carrusel_5_mas_imagenes":[1300,1299,1298]},"yoast_head":"<!-- This site is optimized with the Yoast SEO plugin v27.3 - https:\/\/yoast.com\/product\/yoast-seo-wordpress\/ -->\n<title>COPA DE VINO DE VIDRIO SOPLADO - Bruhl<\/title>\n<meta name=\"robots\" content=\"index, follow, max-snippet:-1, max-image-preview:large, max-video-preview:-1\" \/>\n<link rel=\"canonical\" href=\"https:\/\/bruhl.mx\/en\/product\/copa-de-vino-de-vidrio-soplado-3\/\" \/>\n<meta property=\"og:locale\" content=\"en_US\" \/>\n<meta property=\"og:type\" content=\"article\" \/>\n<meta property=\"og:title\" content=\"COPA DE VINO DE VIDRIO SOPLADO - Bruhl\" \/>\n<meta property=\"og:description\" content=\"Copa de vino elaborada en vidrio soplado mediante un proceso artesanal. Su dise\u00f1o presenta un tallo resistente y un cuerpo con un delicado relieve de hendiduras r\u00edtmicas que refractan la luz, a\u00f1adiendo un toque de elegancia y distinci\u00f3n a cada brindis.\" \/>\n<meta property=\"og:url\" content=\"https:\/\/bruhl.mx\/en\/product\/copa-de-vino-de-vidrio-soplado-3\/\" \/>\n<meta property=\"og:site_name\" content=\"Bruhl\" \/>\n<meta property=\"article:modified_time\" content=\"2025-02-04T19:41:21+00:00\" \/>\n<meta property=\"og:image\" content=\"https:\/\/bruhl.mx\/wp-content\/uploads\/2025\/01\/Copa-de-Vidrio-Soplado-Louvre-Frente.jpg\" \/>\n\t<meta property=\"og:image:width\" content=\"1000\" \/>\n\t<meta property=\"og:image:height\" content=\"1000\" \/>\n\t<meta property=\"og:image:type\" content=\"image\/jpeg\" \/>\n<meta name=\"twitter:card\" content=\"summary_large_image\" \/>\n<script type=\"application\/ld+json\" class=\"yoast-schema-graph\">{\"@context\":\"https:\\\/\\\/schema.org\",\"@graph\":[{\"@type\":\"WebPage\",\"@id\":\"https:\\\/\\\/bruhl.mx\\\/producto\\\/copa-de-vino-de-vidrio-soplado-3\\\/\",\"url\":\"https:\\\/\\\/bruhl.mx\\\/producto\\\/copa-de-vino-de-vidrio-soplado-3\\\/\",\"name\":\"COPA DE VINO DE VIDRIO SOPLADO - Bruhl\",\"isPartOf\":{\"@id\":\"https:\\\/\\\/bruhl.mx\\\/#website\"},\"primaryImageOfPage\":{\"@id\":\"https:\\\/\\\/bruhl.mx\\\/producto\\\/copa-de-vino-de-vidrio-soplado-3\\\/#primaryimage\"},\"image\":{\"@id\":\"https:\\\/\\\/bruhl.mx\\\/producto\\\/copa-de-vino-de-vidrio-soplado-3\\\/#primaryimage\"},\"thumbnailUrl\":\"https:\\\/\\\/bruhl.mx\\\/wp-content\\\/uploads\\\/2025\\\/01\\\/Copa-de-Vidrio-Soplado-Louvre-Frente.jpg\",\"datePublished\":\"2024-07-04T23:56:33+00:00\",\"dateModified\":\"2025-02-04T19:41:21+00:00\",\"breadcrumb\":{\"@id\":\"https:\\\/\\\/bruhl.mx\\\/producto\\\/copa-de-vino-de-vidrio-soplado-3\\\/#breadcrumb\"},\"inLanguage\":\"en-US\",\"potentialAction\":[{\"@type\":\"ReadAction\",\"target\":[\"https:\\\/\\\/bruhl.mx\\\/producto\\\/copa-de-vino-de-vidrio-soplado-3\\\/\"]}]},{\"@type\":\"ImageObject\",\"inLanguage\":\"en-US\",\"@id\":\"https:\\\/\\\/bruhl.mx\\\/producto\\\/copa-de-vino-de-vidrio-soplado-3\\\/#primaryimage\",\"url\":\"https:\\\/\\\/bruhl.mx\\\/wp-content\\\/uploads\\\/2025\\\/01\\\/Copa-de-Vidrio-Soplado-Louvre-Frente.jpg\",\"contentUrl\":\"https:\\\/\\\/bruhl.mx\\\/wp-content\\\/uploads\\\/2025\\\/01\\\/Copa-de-Vidrio-Soplado-Louvre-Frente.jpg\",\"width\":1000,\"height\":1000},{\"@type\":\"BreadcrumbList\",\"@id\":\"https:\\\/\\\/bruhl.mx\\\/producto\\\/copa-de-vino-de-vidrio-soplado-3\\\/#breadcrumb\",\"itemListElement\":[{\"@type\":\"ListItem\",\"position\":1,\"name\":\"Home\",\"item\":\"https:\\\/\\\/bruhl.mx\\\/\"},{\"@type\":\"ListItem\",\"position\":2,\"name\":\"Tienda\",\"item\":\"https:\\\/\\\/bruhl.mx\\\/en\\\/tienda\\\/\"},{\"@type\":\"ListItem\",\"position\":3,\"name\":\"COPA DE VINO DE VIDRIO SOPLADO\"}]},{\"@type\":\"WebSite\",\"@id\":\"https:\\\/\\\/bruhl.mx\\\/#website\",\"url\":\"https:\\\/\\\/bruhl.mx\\\/\",\"name\":\"Bruhl\",\"description\":\"\",\"potentialAction\":[{\"@type\":\"SearchAction\",\"target\":{\"@type\":\"EntryPoint\",\"urlTemplate\":\"https:\\\/\\\/bruhl.mx\\\/?s={search_term_string}\"},\"query-input\":{\"@type\":\"PropertyValueSpecification\",\"valueRequired\":true,\"valueName\":\"search_term_string\"}}],\"inLanguage\":\"en-US\"}]}<\/script>\n<!-- \/ Yoast SEO plugin. -->","yoast_head_json":{"title":"COPA DE VINO DE VIDRIO SOPLADO - Bruhl","robots":{"index":"index","follow":"follow","max-snippet":"max-snippet:-1","max-image-preview":"max-image-preview:large","max-video-preview":"max-video-preview:-1"},"canonical":"https:\/\/bruhl.mx\/en\/product\/copa-de-vino-de-vidrio-soplado-3\/","og_locale":"en_US","og_type":"article","og_title":"COPA DE VINO DE VIDRIO SOPLADO - Bruhl","og_description":"Copa de vino elaborada en vidrio soplado mediante un proceso artesanal. Su dise\u00f1o presenta un tallo resistente y un cuerpo con un delicado relieve de hendiduras r\u00edtmicas que refractan la luz, a\u00f1adiendo un toque de elegancia y distinci\u00f3n a cada brindis.","og_url":"https:\/\/bruhl.mx\/en\/product\/copa-de-vino-de-vidrio-soplado-3\/","og_site_name":"Bruhl","article_modified_time":"2025-02-04T19:41:21+00:00","og_image":[{"width":1000,"height":1000,"url":"https:\/\/bruhl.mx\/wp-content\/uploads\/2025\/01\/Copa-de-Vidrio-Soplado-Louvre-Frente.jpg","type":"image\/jpeg"}],"twitter_card":"summary_large_image","schema":{"@context":"https:\/\/schema.org","@graph":[{"@type":"WebPage","@id":"https:\/\/bruhl.mx\/producto\/copa-de-vino-de-vidrio-soplado-3\/","url":"https:\/\/bruhl.mx\/producto\/copa-de-vino-de-vidrio-soplado-3\/","name":"COPA DE VINO DE VIDRIO SOPLADO - Bruhl","isPartOf":{"@id":"https:\/\/bruhl.mx\/#website"},"primaryImageOfPage":{"@id":"https:\/\/bruhl.mx\/producto\/copa-de-vino-de-vidrio-soplado-3\/#primaryimage"},"image":{"@id":"https:\/\/bruhl.mx\/producto\/copa-de-vino-de-vidrio-soplado-3\/#primaryimage"},"thumbnailUrl":"https:\/\/bruhl.mx\/wp-content\/uploads\/2025\/01\/Copa-de-Vidrio-Soplado-Louvre-Frente.jpg","datePublished":"2024-07-04T23:56:33+00:00","dateModified":"2025-02-04T19:41:21+00:00","breadcrumb":{"@id":"https:\/\/bruhl.mx\/producto\/copa-de-vino-de-vidrio-soplado-3\/#breadcrumb"},"inLanguage":"en-US","potentialAction":[{"@type":"ReadAction","target":["https:\/\/bruhl.mx\/producto\/copa-de-vino-de-vidrio-soplado-3\/"]}]},{"@type":"ImageObject","inLanguage":"en-US","@id":"https:\/\/bruhl.mx\/producto\/copa-de-vino-de-vidrio-soplado-3\/#primaryimage","url":"https:\/\/bruhl.mx\/wp-content\/uploads\/2025\/01\/Copa-de-Vidrio-Soplado-Louvre-Frente.jpg","contentUrl":"https:\/\/bruhl.mx\/wp-content\/uploads\/2025\/01\/Copa-de-Vidrio-Soplado-Louvre-Frente.jpg","width":1000,"height":1000},{"@type":"BreadcrumbList","@id":"https:\/\/bruhl.mx\/producto\/copa-de-vino-de-vidrio-soplado-3\/#breadcrumb","itemListElement":[{"@type":"ListItem","position":1,"name":"Home","item":"https:\/\/bruhl.mx\/"},{"@type":"ListItem","position":2,"name":"Tienda","item":"https:\/\/bruhl.mx\/en\/tienda\/"},{"@type":"ListItem","position":3,"name":"COPA DE VINO DE VIDRIO SOPLADO"}]},{"@type":"WebSite","@id":"https:\/\/bruhl.mx\/#website","url":"https:\/\/bruhl.mx\/","name":"Bruhl","description":"","potentialAction":[{"@type":"SearchAction","target":{"@type":"EntryPoint","urlTemplate":"https:\/\/bruhl.mx\/?s={search_term_string}"},"query-input":{"@type":"PropertyValueSpecification","valueRequired":true,"valueName":"search_term_string"}}],"inLanguage":"en-US"}]}},"_links":{"self":[{"href":"https:\/\/bruhl.mx\/en\/wp-json\/wp\/v2\/product\/415","targetHints":{"allow":["GET"]}}],"collection":[{"href":"https:\/\/bruhl.mx\/en\/wp-json\/wp\/v2\/product"}],"about":[{"href":"https:\/\/bruhl.mx\/en\/wp-json\/wp\/v2\/types\/product"}],"replies":[{"embeddable":true,"href":"https:\/\/bruhl.mx\/en\/wp-json\/wp\/v2\/comments?post=415"}],"acf:attachment":[{"embeddable":true,"href":"https:\/\/bruhl.mx\/en\/wp-json\/wp\/v2\/media\/1298"},{"embeddable":true,"href":"https:\/\/bruhl.mx\/en\/wp-json\/wp\/v2\/media\/1299"},{"embeddable":true,"href":"https:\/\/bruhl.mx\/en\/wp-json\/wp\/v2\/media\/1300"}],"wp:featuredmedia":[{"embeddable":true,"href":"https:\/\/bruhl.mx\/en\/wp-json\/wp\/v2\/media\/1299"}],"wp:attachment":[{"href":"https:\/\/bruhl.mx\/en\/wp-json\/wp\/v2\/media?parent=415"}],"wp:term":[{"taxonomy":"product_brand","embeddable":true,"href":"https:\/\/bruhl.mx\/en\/wp-json\/wp\/v2\/product_brand?post=415"},{"taxonomy":"product_cat","embeddable":true,"href":"https:\/\/bruhl.mx\/en\/wp-json\/wp\/v2\/product_cat?post=415"},{"taxonomy":"product_tag","embeddable":true,"href":"https:\/\/bruhl.mx\/en\/wp-json\/wp\/v2\/product_tag?post=415"}],"curies":[{"name":"wp","href":"https:\/\/api.w.org\/{rel}","templated":true}]}}