{"id":444,"date":"2024-07-04T17:56:36","date_gmt":"2024-07-04T23:56:36","guid":{"rendered":"https:\/\/bruhl.mx\/producto\/plato-ensalada-melamina\/"},"modified":"2025-02-04T13:41:21","modified_gmt":"2025-02-04T19:41:21","slug":"plato-ensalada-melamina","status":"publish","type":"product","link":"https:\/\/bruhl.mx\/en\/product\/plato-ensalada-melamina\/","title":{"rendered":"PLATO ENSALADA MELAMINA"},"content":{"rendered":"<p>Plato para ensalada de melamina ultra resistente, dise\u00f1ado para imitar el aspecto de un plato artesanal de cer\u00e1mica. Su acabado presenta un delicado patr\u00f3n de motitas, ideal para realzar la decoraci\u00f3n en eventos casuales con un toque de estilo y frescura.<\/p>","protected":false},"excerpt":{"rendered":"<p>Plato para ensalada de melamina ultra resistente, dise\u00f1ado para imitar el aspecto de un plato artesanal de cer\u00e1mica. Su acabado presenta un delicado patr\u00f3n de motitas, ideal para realzar la decoraci\u00f3n en eventos casuales con un toque de estilo y frescura.<\/p>","protected":false},"featured_media":910,"comment_status":"open","ping_status":"closed","template":"","meta":{"_acf_changed":false,"_joinchat":[]},"product_brand":[],"product_cat":[47],"product_tag":[93],"class_list":{"0":"post-444","1":"product","2":"type-product","3":"status-publish","4":"has-post-thumbnail","6":"product_cat-vajilla","7":"product_tag-stone","9":"first","10":"instock","11":"shipping-taxable","12":"product-type-simple"},"composite_virtual":false,"composite_layout":"","composite_add_to_cart_form_location":"","composite_editable_in_cart":false,"composite_sold_individually_context":"","composite_shop_price_calc":"","composite_components":[],"composite_scenarios":[],"acf":{"video_360":"","nombre_corto_de_producto":"","variaciones_pdf":917,"carrusel_1":[910],"carrusel_2":[917],"carrusel_3":[913],"carrusel_4":[912],"imagen_pdf":[916],"carrusel_5_mas_imagenes":[910,917,913,912,916,911]},"yoast_head":"<!-- This site is optimized with the Yoast SEO plugin v27.5 - https:\/\/yoast.com\/product\/yoast-seo-wordpress\/ -->\n<title>PLATO ENSALADA MELAMINA - Bruhl<\/title>\n<meta name=\"robots\" content=\"index, follow, max-snippet:-1, max-image-preview:large, max-video-preview:-1\" \/>\n<link rel=\"canonical\" href=\"https:\/\/bruhl.mx\/en\/product\/plato-ensalada-melamina\/\" \/>\n<meta property=\"og:locale\" content=\"en_US\" \/>\n<meta property=\"og:type\" content=\"article\" \/>\n<meta property=\"og:title\" content=\"PLATO ENSALADA MELAMINA - Bruhl\" \/>\n<meta property=\"og:description\" content=\"Plato para ensalada de melamina ultra resistente, dise\u00f1ado para imitar el aspecto de un plato artesanal de cer\u00e1mica. Su acabado presenta un delicado patr\u00f3n de motitas, ideal para realzar la decoraci\u00f3n en eventos casuales con un toque de estilo y frescura.\" \/>\n<meta property=\"og:url\" content=\"https:\/\/bruhl.mx\/en\/product\/plato-ensalada-melamina\/\" \/>\n<meta property=\"og:site_name\" content=\"Bruhl\" \/>\n<meta property=\"article:modified_time\" content=\"2025-02-04T19:41:21+00:00\" \/>\n<meta property=\"og:image\" content=\"https:\/\/bruhl.mx\/wp-content\/uploads\/2024\/12\/Plato-Stone-Ensalada-Frente.jpg\" \/>\n\t<meta property=\"og:image:width\" content=\"1000\" \/>\n\t<meta property=\"og:image:height\" content=\"1000\" \/>\n\t<meta property=\"og:image:type\" content=\"image\/jpeg\" \/>\n<meta name=\"twitter:card\" content=\"summary_large_image\" \/>\n<script type=\"application\/ld+json\" class=\"yoast-schema-graph\">{\"@context\":\"https:\\\/\\\/schema.org\",\"@graph\":[{\"@type\":\"WebPage\",\"@id\":\"https:\\\/\\\/bruhl.mx\\\/producto\\\/plato-ensalada-melamina\\\/\",\"url\":\"https:\\\/\\\/bruhl.mx\\\/producto\\\/plato-ensalada-melamina\\\/\",\"name\":\"PLATO ENSALADA MELAMINA - Bruhl\",\"isPartOf\":{\"@id\":\"https:\\\/\\\/bruhl.mx\\\/#website\"},\"primaryImageOfPage\":{\"@id\":\"https:\\\/\\\/bruhl.mx\\\/producto\\\/plato-ensalada-melamina\\\/#primaryimage\"},\"image\":{\"@id\":\"https:\\\/\\\/bruhl.mx\\\/producto\\\/plato-ensalada-melamina\\\/#primaryimage\"},\"thumbnailUrl\":\"https:\\\/\\\/bruhl.mx\\\/wp-content\\\/uploads\\\/2024\\\/12\\\/Plato-Stone-Ensalada-Frente.jpg\",\"datePublished\":\"2024-07-04T23:56:36+00:00\",\"dateModified\":\"2025-02-04T19:41:21+00:00\",\"breadcrumb\":{\"@id\":\"https:\\\/\\\/bruhl.mx\\\/producto\\\/plato-ensalada-melamina\\\/#breadcrumb\"},\"inLanguage\":\"en-US\",\"potentialAction\":[{\"@type\":\"ReadAction\",\"target\":[\"https:\\\/\\\/bruhl.mx\\\/producto\\\/plato-ensalada-melamina\\\/\"]}]},{\"@type\":\"ImageObject\",\"inLanguage\":\"en-US\",\"@id\":\"https:\\\/\\\/bruhl.mx\\\/producto\\\/plato-ensalada-melamina\\\/#primaryimage\",\"url\":\"https:\\\/\\\/bruhl.mx\\\/wp-content\\\/uploads\\\/2024\\\/12\\\/Plato-Stone-Ensalada-Frente.jpg\",\"contentUrl\":\"https:\\\/\\\/bruhl.mx\\\/wp-content\\\/uploads\\\/2024\\\/12\\\/Plato-Stone-Ensalada-Frente.jpg\",\"width\":1000,\"height\":1000},{\"@type\":\"BreadcrumbList\",\"@id\":\"https:\\\/\\\/bruhl.mx\\\/producto\\\/plato-ensalada-melamina\\\/#breadcrumb\",\"itemListElement\":[{\"@type\":\"ListItem\",\"position\":1,\"name\":\"Home\",\"item\":\"https:\\\/\\\/bruhl.mx\\\/\"},{\"@type\":\"ListItem\",\"position\":2,\"name\":\"Tienda\",\"item\":\"https:\\\/\\\/bruhl.mx\\\/en\\\/tienda\\\/\"},{\"@type\":\"ListItem\",\"position\":3,\"name\":\"PLATO ENSALADA MELAMINA\"}]},{\"@type\":\"WebSite\",\"@id\":\"https:\\\/\\\/bruhl.mx\\\/#website\",\"url\":\"https:\\\/\\\/bruhl.mx\\\/\",\"name\":\"Bruhl\",\"description\":\"\",\"potentialAction\":[{\"@type\":\"SearchAction\",\"target\":{\"@type\":\"EntryPoint\",\"urlTemplate\":\"https:\\\/\\\/bruhl.mx\\\/?s={search_term_string}\"},\"query-input\":{\"@type\":\"PropertyValueSpecification\",\"valueRequired\":true,\"valueName\":\"search_term_string\"}}],\"inLanguage\":\"en-US\"}]}<\/script>\n<!-- \/ Yoast SEO plugin. -->","yoast_head_json":{"title":"PLATO ENSALADA MELAMINA - Bruhl","robots":{"index":"index","follow":"follow","max-snippet":"max-snippet:-1","max-image-preview":"max-image-preview:large","max-video-preview":"max-video-preview:-1"},"canonical":"https:\/\/bruhl.mx\/en\/product\/plato-ensalada-melamina\/","og_locale":"en_US","og_type":"article","og_title":"PLATO ENSALADA MELAMINA - Bruhl","og_description":"Plato para ensalada de melamina ultra resistente, dise\u00f1ado para imitar el aspecto de un plato artesanal de cer\u00e1mica. Su acabado presenta un delicado patr\u00f3n de motitas, ideal para realzar la decoraci\u00f3n en eventos casuales con un toque de estilo y frescura.","og_url":"https:\/\/bruhl.mx\/en\/product\/plato-ensalada-melamina\/","og_site_name":"Bruhl","article_modified_time":"2025-02-04T19:41:21+00:00","og_image":[{"width":1000,"height":1000,"url":"https:\/\/bruhl.mx\/wp-content\/uploads\/2024\/12\/Plato-Stone-Ensalada-Frente.jpg","type":"image\/jpeg"}],"twitter_card":"summary_large_image","schema":{"@context":"https:\/\/schema.org","@graph":[{"@type":"WebPage","@id":"https:\/\/bruhl.mx\/producto\/plato-ensalada-melamina\/","url":"https:\/\/bruhl.mx\/producto\/plato-ensalada-melamina\/","name":"PLATO ENSALADA MELAMINA - Bruhl","isPartOf":{"@id":"https:\/\/bruhl.mx\/#website"},"primaryImageOfPage":{"@id":"https:\/\/bruhl.mx\/producto\/plato-ensalada-melamina\/#primaryimage"},"image":{"@id":"https:\/\/bruhl.mx\/producto\/plato-ensalada-melamina\/#primaryimage"},"thumbnailUrl":"https:\/\/bruhl.mx\/wp-content\/uploads\/2024\/12\/Plato-Stone-Ensalada-Frente.jpg","datePublished":"2024-07-04T23:56:36+00:00","dateModified":"2025-02-04T19:41:21+00:00","breadcrumb":{"@id":"https:\/\/bruhl.mx\/producto\/plato-ensalada-melamina\/#breadcrumb"},"inLanguage":"en-US","potentialAction":[{"@type":"ReadAction","target":["https:\/\/bruhl.mx\/producto\/plato-ensalada-melamina\/"]}]},{"@type":"ImageObject","inLanguage":"en-US","@id":"https:\/\/bruhl.mx\/producto\/plato-ensalada-melamina\/#primaryimage","url":"https:\/\/bruhl.mx\/wp-content\/uploads\/2024\/12\/Plato-Stone-Ensalada-Frente.jpg","contentUrl":"https:\/\/bruhl.mx\/wp-content\/uploads\/2024\/12\/Plato-Stone-Ensalada-Frente.jpg","width":1000,"height":1000},{"@type":"BreadcrumbList","@id":"https:\/\/bruhl.mx\/producto\/plato-ensalada-melamina\/#breadcrumb","itemListElement":[{"@type":"ListItem","position":1,"name":"Home","item":"https:\/\/bruhl.mx\/"},{"@type":"ListItem","position":2,"name":"Tienda","item":"https:\/\/bruhl.mx\/en\/tienda\/"},{"@type":"ListItem","position":3,"name":"PLATO ENSALADA MELAMINA"}]},{"@type":"WebSite","@id":"https:\/\/bruhl.mx\/#website","url":"https:\/\/bruhl.mx\/","name":"Bruhl","description":"","potentialAction":[{"@type":"SearchAction","target":{"@type":"EntryPoint","urlTemplate":"https:\/\/bruhl.mx\/?s={search_term_string}"},"query-input":{"@type":"PropertyValueSpecification","valueRequired":true,"valueName":"search_term_string"}}],"inLanguage":"en-US"}]}},"_links":{"self":[{"href":"https:\/\/bruhl.mx\/en\/wp-json\/wp\/v2\/product\/444","targetHints":{"allow":["GET"]}}],"collection":[{"href":"https:\/\/bruhl.mx\/en\/wp-json\/wp\/v2\/product"}],"about":[{"href":"https:\/\/bruhl.mx\/en\/wp-json\/wp\/v2\/types\/product"}],"replies":[{"embeddable":true,"href":"https:\/\/bruhl.mx\/en\/wp-json\/wp\/v2\/comments?post=444"}],"acf:attachment":[{"embeddable":true,"href":"https:\/\/bruhl.mx\/en\/wp-json\/wp\/v2\/media\/911"},{"embeddable":true,"href":"https:\/\/bruhl.mx\/en\/wp-json\/wp\/v2\/media\/916"},{"embeddable":true,"href":"https:\/\/bruhl.mx\/en\/wp-json\/wp\/v2\/media\/912"},{"embeddable":true,"href":"https:\/\/bruhl.mx\/en\/wp-json\/wp\/v2\/media\/913"},{"embeddable":true,"href":"https:\/\/bruhl.mx\/en\/wp-json\/wp\/v2\/media\/917"},{"embeddable":true,"href":"https:\/\/bruhl.mx\/en\/wp-json\/wp\/v2\/media\/910"}],"wp:featuredmedia":[{"embeddable":true,"href":"https:\/\/bruhl.mx\/en\/wp-json\/wp\/v2\/media\/910"}],"wp:attachment":[{"href":"https:\/\/bruhl.mx\/en\/wp-json\/wp\/v2\/media?parent=444"}],"wp:term":[{"taxonomy":"product_brand","embeddable":true,"href":"https:\/\/bruhl.mx\/en\/wp-json\/wp\/v2\/product_brand?post=444"},{"taxonomy":"product_cat","embeddable":true,"href":"https:\/\/bruhl.mx\/en\/wp-json\/wp\/v2\/product_cat?post=444"},{"taxonomy":"product_tag","embeddable":true,"href":"https:\/\/bruhl.mx\/en\/wp-json\/wp\/v2\/product_tag?post=444"}],"curies":[{"name":"wp","href":"https:\/\/api.w.org\/{rel}","templated":true}]}}